{"id":11525,"date":"2026-04-02T12:00:02","date_gmt":"2026-04-02T10:00:02","guid":{"rendered":"https:\/\/www.naturacil.com\/?page_id=11525"},"modified":"2026-04-02T12:27:13","modified_gmt":"2026-04-02T10:27:13","slug":"rdv-en-ligne-nice","status":"publish","type":"page","link":"https:\/\/www.naturacil.com\/en\/rdv-en-ligne-nice\/","title":{"rendered":"rdv en ligne Nice"},"content":{"rendered":"\n<h2>\n\t\t\tR\u00e9servations pour notre Institut de Nice\t<\/h2>\n\t<h5>Parmi toutes les prestations propos\u00e9es, choisissez votre soin, votre jour et heure de rendez-vous.<br \/>\nPour toute annulation ou emp\u00eachement de votre part, veuillez nous pr\u00e9venir 24 h \u00e0 l&#8217;avance, dans le cas contraire votre acompte sera d\u00e9finitivement perdu.<\/h5>\n\t<ul role=\"tablist\">\n\t\t\t\t\t\t\t\t<li role=\"presentation\">\t\t\t\t<button type=\"button\" id=\"fl-tabs--label-0\" data-index=\"0\" role=\"tab\" aria-selected=\"true\" aria-controls=\"fl-tabs--panel-0\">\n\t\t\t\tTreatwell (Esth\u00e9tique)\t\t\t\t<\/button>\n\t\t\t\t<\/li>\t\t\t\t\t\t\t\t<li role=\"presentation\">\t\t\t\t<button type=\"button\" id=\"fl-tabs--label-1\" data-index=\"1\" role=\"tab\" aria-selected=\"false\" aria-controls=\"fl-tabs--panel-1\">\n\t\t\t\tDoctolib (m\u00e9decine esth\u00e9tique)\t\t\t\t<\/button>\n\t\t\t\t<\/li>\t\t\t\t\t\t\t\t<li role=\"presentation\">\t\t\t\t<button type=\"button\" id=\"fl-tabs--label-2\" data-index=\"2\" role=\"tab\" aria-selected=\"false\" aria-controls=\"fl-tabs--panel-2\">\n\t\t\t\tPlanity (Paris)\t\t\t\t<\/button>\n\t\t\t\t<\/li>\t\t\t\t\n\t<\/ul>\n\t\t\t\t\t<button type=\"button\" data-index=\"0\" role=\"tab\" aria-selected=\"true\" aria-controls=\"fl-tabs--panel-0\">\n\t\t\t\t\t\tTreatwell (Esth\u00e9tique)\n\t\t\t\t\t<\/button>\n\t\t\t\t\t\t<br \/>\n\n\t\t\t\t\t<button type=\"button\" data-index=\"1\" role=\"tab\" aria-selected=\"false\" aria-controls=\"fl-tabs--panel-1\">\n\t\t\t\t\t\tDoctolib (m\u00e9decine esth\u00e9tique)\n\t\t\t\t\t<\/button>\n\t\t\t\t\t\t<p><iframe loading=\"lazy\" src=\"https:\/\/partners.doctolib.fr\/centre-laser-et-esthetique\/neuilly-sur-seine\/centre-naturacil\/booking\/\" width=\"100%\" height=\"1000px\" class='iframdocto'><\/iframe><\/p>\n\t\t\t\t\t<button type=\"button\" data-index=\"2\" role=\"tab\" aria-selected=\"false\" aria-controls=\"fl-tabs--panel-2\">\n\t\t\t\t\t\tPlanity (Paris)\n\t\t\t\t\t<\/button>\n<br \/>\n<br \/>\n\n\t\t<h2>\n\t\t\t\t\t\t\t<a\n\t\t\t\t\thref=\"\/rdv_planity-nice\"\n\t\t\t\t\ttarget=\"_self\">\n\t\t\t\t\t\t\t<\/a>\n\t\t<\/h2>\n\t\t\t<a href=\"\/rdv_planity-nice\/\"><strong>Prendre rendez vous avec<\/strong><br \/>\n<img loading=\"lazy\" decoding=\"async\" src=\"https:\/\/www.naturacil.com\/wp-content\/uploads\/2025\/10\/planity-1.png\" alt=\"\" width=\"350\" height=\"46\" \/><br \/>\n<strong>Esth\u00e9tique<\/strong><\/a>\n\t\t\t\t\t\t\t<a\n\t\t\t\t\thref=\"\/rdv_treatwell-nice\/\"\n\t\t\t\t\ttarget=\"_self\">\n\t\t\t\t\t\t\t<\/a>\n\t\t\t<a href=\"\/rdv_treatwell-nice\/\"><strong>Prendre rendez vous avec<\/strong><br \/>\n<strong><img loading=\"lazy\" decoding=\"async\" src=\"https:\/\/www.naturacil.com\/wp-content\/uploads\/2025\/10\/treatwell-icon.png\" alt=\"Treatwell\" width=\"350\" height=\"46\" \/><\/strong><br \/>\n<strong>Esth\u00e9tique<\/strong><\/a>\n\n","protected":false},"excerpt":{"rendered":"<p>R\u00e9servations pour notre Institut de Nice Parmi toutes les prestations propos\u00e9es, choisissez votre soin, votre jour et heure de rendez-vous. Pour toute annulation ou emp\u00eachement de votre part, veuillez nous pr\u00e9venir 24 h \u00e0 l&#8217;avance, dans le cas contraire votre acompte sera d\u00e9finitivement perdu. Treatwell (Esth\u00e9tique) Doctolib (m\u00e9decine esth\u00e9tique) Planity (Paris) Treatwell (Esth\u00e9tique) Doctolib (m\u00e9decine [&hellip;]<\/p>\n","protected":false},"author":17,"featured_media":0,"parent":0,"menu_order":0,"comment_status":"closed","ping_status":"closed","template":"","meta":{"site-sidebar-layout":"no-sidebar","site-content-layout":"page-builder","ast-site-content-layout":"full-width-container","site-content-style":"unboxed","site-sidebar-style":"unboxed","ast-global-header-display":"","ast-banner-title-visibility":"","ast-main-header-display":"","ast-hfb-above-header-display":"","ast-hfb-below-header-display":"","ast-hfb-mobile-header-display":"","site-post-title":"disabled","ast-breadcrumbs-content":"","ast-featured-img":"disabled","footer-sml-layout":"","ast-disable-related-posts":"","theme-transparent-header-meta":"default","adv-header-id-meta":"","stick-header-meta":"","header-above-stick-meta":"","header-main-stick-meta":"","header-below-stick-meta":"","astra-migrate-meta-layouts":"set","ast-page-background-enabled":"default","ast-page-background-meta":{"desktop":{"background-color":"","background-image":"","background-repeat":"repeat","background-position":"center center","background-size":"auto","background-attachment":"scroll","background-type":"","background-media":"","overlay-type":"","overlay-color":"","overlay-opacity":"","overlay-gradient":""},"tablet":{"background-color":"","background-image":"","background-repeat":"repeat","background-position":"center center","background-size":"auto","background-attachment":"scroll","background-type":"","background-media":"","overlay-type":"","overlay-color":"","overlay-opacity":"","overlay-gradient":""},"mobile":{"background-color":"","background-image":"","background-repeat":"repeat","background-position":"center center","background-size":"auto","background-attachment":"scroll","background-type":"","background-media":"","overlay-type":"","overlay-color":"","overlay-opacity":"","overlay-gradient":""}},"ast-content-background-meta":{"desktop":{"background-color":"var(--ast-global-color-5)","background-image":"","background-repeat":"repeat","background-position":"center center","background-size":"auto","background-attachment":"scroll","background-type":"","background-media":"","overlay-type":"","overlay-color":"","overlay-opacity":"","overlay-gradient":""},"tablet":{"background-color":"var(--ast-global-color-5)","background-image":"","background-repeat":"repeat","background-position":"center center","background-size":"auto","background-attachment":"scroll","background-type":"","background-media":"","overlay-type":"","overlay-color":"","overlay-opacity":"","overlay-gradient":""},"mobile":{"background-color":"var(--ast-global-color-5)","background-image":"","background-repeat":"repeat","background-position":"center center","background-size":"auto","background-attachment":"scroll","background-type":"","background-media":"","overlay-type":"","overlay-color":"","overlay-opacity":"","overlay-gradient":""}},"footnotes":""},"class_list":["post-11525","page","type-page","status-publish","hentry"],"_links":{"self":[{"href":"https:\/\/www.naturacil.com\/en\/wp-json\/wp\/v2\/pages\/11525","targetHints":{"allow":["GET"]}}],"collection":[{"href":"https:\/\/www.naturacil.com\/en\/wp-json\/wp\/v2\/pages"}],"about":[{"href":"https:\/\/www.naturacil.com\/en\/wp-json\/wp\/v2\/types\/page"}],"author":[{"embeddable":true,"href":"https:\/\/www.naturacil.com\/en\/wp-json\/wp\/v2\/users\/17"}],"replies":[{"embeddable":true,"href":"https:\/\/www.naturacil.com\/en\/wp-json\/wp\/v2\/comments?post=11525"}],"version-history":[{"count":5,"href":"https:\/\/www.naturacil.com\/en\/wp-json\/wp\/v2\/pages\/11525\/revisions"}],"predecessor-version":[{"id":11540,"href":"https:\/\/www.naturacil.com\/en\/wp-json\/wp\/v2\/pages\/11525\/revisions\/11540"}],"wp:attachment":[{"href":"https:\/\/www.naturacil.com\/en\/wp-json\/wp\/v2\/media?parent=11525"}],"curies":[{"name":"wp","href":"https:\/\/api.w.org\/{rel}","templated":true}]}}