{"id":2954,"date":"2019-04-08T17:56:42","date_gmt":"2019-04-08T15:56:42","guid":{"rendered":"https:\/\/www.naturacil.com\/eyebrows-tattoo-correction\/"},"modified":"2019-04-10T15:27:47","modified_gmt":"2019-04-10T13:27:47","slug":"eyebrows-tattoo-correction","status":"publish","type":"page","link":"https:\/\/www.naturacil.com\/en\/eyebrows-tattoo-correction\/","title":{"rendered":"Eyebrows tattoo correction"},"content":{"rendered":"<p>\t<div id=\"mega-menu-wrap-max_mega_menu_3\" class=\"mega-menu-wrap\"><div class=\"mega-menu-toggle\"><div class=\"mega-toggle-blocks-left\"><\/div><div class=\"mega-toggle-blocks-center\"><\/div><div class=\"mega-toggle-blocks-right\"><div class='mega-toggle-block mega-menu-toggle-block mega-toggle-block-1' id='mega-toggle-block-1'><button aria-controls=\"mega-menu-max_mega_menu_3\" aria-expanded=\"false\" aria-haspopup=\"true\" class='mega-toggle-standard mega-toggle-label'><span class='mega-toggle-label-closed'>MENU<\/span><span class='mega-toggle-label-open'>MENU<\/span><\/button><\/div><\/div><\/div><ul id=\"mega-menu-max_mega_menu_3\" class=\"mega-menu max-mega-menu mega-menu-horizontal mega-no-js\" data-event=\"hover_intent\" data-effect=\"fade_up\" data-effect-speed=\"200\" data-effect-mobile=\"disabled\" data-effect-speed-mobile=\"0\" data-panel-width=\"body\" data-mobile-force-width=\"false\" data-second-click=\"go\" data-document-click=\"collapse\" data-vertical-behaviour=\"standard\" data-breakpoint=\"600\" data-unbind=\"true\" data-mobile-state=\"collapse_all\" data-mobile-direction=\"vertical\"><li class=\"mega-menu-item mega-menu-item-type-post_type mega-menu-item-object-page mega-align-bottom-left mega-menu-flyout mega-has-icon mega-icon-top mega-menu-item-684\" id=\"mega-menu-item-684\"><a class=\"mega-custom-icon mega-menu-link\" href=\"https:\/\/www.naturacil.com\/sourcils-microshading\/\"><span class='mega-title-below'>Microshading<\/span><\/a><\/li><li class=\"mega-menu-item mega-menu-item-type-post_type mega-menu-item-object-page mega-align-bottom-left mega-menu-flyout mega-has-icon mega-icon-top mega-menu-item-685\" id=\"mega-menu-item-685\"><a class=\"mega-custom-icon mega-menu-link\" href=\"https:\/\/www.naturacil.com\/sourcils-microblading\/\"><span class='mega-title-below'>Microblading<\/span><\/a><\/li><li class=\"mega-menu-item mega-menu-item-type-post_type mega-menu-item-object-page mega-align-bottom-left mega-menu-flyout mega-has-icon mega-icon-top mega-menu-item-688\" id=\"mega-menu-item-688\"><a class=\"mega-custom-icon mega-menu-link\" href=\"https:\/\/www.naturacil.com\/sourcils-combo\/\"><span class='mega-title-below'>Combo<\/span><\/a><\/li><li class=\"mega-menu-item mega-menu-item-type-post_type mega-menu-item-object-page mega-align-bottom-left mega-menu-flyout mega-has-icon mega-icon-top mega-menu-item-683\" id=\"mega-menu-item-683\"><a class=\"mega-custom-icon mega-menu-link\" href=\"https:\/\/www.naturacil.com\/sourcils-mise-en-forme\/\"><span class='mega-title-below'>Mise en forme<\/span><\/a><\/li><li class=\"mega-menu-item mega-menu-item-type-post_type mega-menu-item-object-page mega-align-bottom-left mega-menu-flyout mega-has-icon mega-icon-top mega-menu-item-682\" id=\"mega-menu-item-682\"><a class=\"mega-custom-icon mega-menu-link\" href=\"https:\/\/www.naturacil.com\/sourcils-teinture\/\"><span class='mega-title-below'>Teinture<\/span><\/a><\/li><li class=\"mega-menu-item mega-menu-item-type-post_type mega-menu-item-object-page mega-align-bottom-left mega-menu-flyout mega-has-icon mega-icon-top mega-menu-item-687\" id=\"mega-menu-item-687\"><a class=\"mega-custom-icon mega-menu-link\" href=\"https:\/\/www.naturacil.com\/sourcils-correction-tatouage\/\"><span class='mega-title-below'>Correction tatouage<\/span><\/a><\/li><li class=\"mega-menu-item mega-menu-item-type-post_type mega-menu-item-object-page mega-align-bottom-left mega-menu-flyout mega-has-icon mega-icon-top mega-menu-item-686\" id=\"mega-menu-item-686\"><a class=\"mega-custom-icon mega-menu-link\" href=\"https:\/\/www.naturacil.com\/sourcils-detatouage\/\"><span class='mega-title-below'>D\u00e9tatouage<\/span><\/a><\/li><\/ul><\/div><br \/>\n\t\t\t\t<img loading=\"lazy\" decoding=\"async\" src=\"https:\/\/www.naturacil.com\/wp-content\/uploads\/2018\/09\/correction-tatouage-sourcil-naturacil-2.jpg\" alt=\"correction-tatouage-sourcil-naturacil-2\" itemprop=\"image\" height=\"390\" width=\"1510\" title=\"correction-tatouage-sourcil-naturacil-2\" onerror=\"this.style.display='none'\"  \/><\/p>\n<h1><img loading=\"lazy\" decoding=\"async\" src=\"https:\/\/www.naturacil.com\/wp-content\/uploads\/2018\/10\/sourcils-correction-tatouage-Naturacil-2.jpg\" alt=\"\" width=\"582\" height=\"330\" \/><strong>Tattoo correction,\u00a0<\/strong>a desire to renew your eyebrows<\/h1>\n<p><strong>The dermopigmentation of the eyebrows, even if it\u2019s also known as \u00ab\u00a0semi-permanent make-up\u00a0\u00bb shouldn\u2019t be taken lightly. The result, according to the different techniques used in the institute and to the different types of skin, can last 3 to 5 years. Therefore the choice of the practitioner is primordial in order to avoid all inconvenience. <\/strong><\/p>\n<p>Do you have a previous line which doesn\u2019t convene you any more\u00a0?<br \/>\nThe different problems which can arise\u00a0: an asymmetry, a colour too dark, too light or not appropriate (colours which change) or also a size of eyebrow which doesn\u2019t match correctly the morphology of your face.<br \/>\nThis may be due to\u00a0: Cela peut \u00eatre d\u00fb \u00e0:<\/p>\n<ul>\n<li>for the form, a bad conception of the starting line (beforehand defined with pencil), a bad technique used, care by different practitioners\u00a0 or institutes, bad maintenance.<\/li>\n<li>for the colour, an exposure to the sun without protection, a treatment of antibiotics, an hormonal change, a bad following of post-treatment instructions, the use of pigments of bad quality.<\/li>\n<\/ul>\n<h6><strong>That\u2019s why NATURACIL, through its professionalism and its expertise, commits itself in providing care of an irreproachable quality in order to satisfy its customers and to guarantee them an optimal result. <\/strong><\/h6>\n<h2>\n\t\tBefore &#038; after<br \/>\n\t<\/h2>\n<p>\t\t\t\t\t\t\t\t\t\t\t\t<img decoding=\"async\" src=\"https:\/\/www.naturacil.com\/wp-content\/uploads\/2018\/10\/EnCours-Avant-1.png\" alt=\"\"\/><br \/>\n\t\t\t\t\t\t\t\t\t\t\t\t<img decoding=\"async\" src=\"https:\/\/www.naturacil.com\/wp-content\/uploads\/2018\/10\/EnCours-Apres-1.png\" alt=\"\"\/><br \/>\n\t\t\t\t\t\t\t\t\t\t\t\t<img decoding=\"async\" src=\"https:\/\/www.naturacil.com\/wp-content\/uploads\/2018\/10\/EnCours-Avant-1.png\" alt=\"\"\/><br \/>\n\t\t\t\t\t\t\t\t\t\t\t\t<img decoding=\"async\" src=\"https:\/\/www.naturacil.com\/wp-content\/uploads\/2018\/10\/EnCours-Apres-1.png\" alt=\"\"\/><\/p>\n<h2><strong>NATURACIL <\/strong>intervenes in surface and use only soft and natural dermopigmentation techniques.<\/h2>\n<p>Our products are tested and approved by the highest standards. Our neutraliser pigments allow us to correct easily the inappropriate colours.<\/p>\n<p>NATURACIL offers free advising appointements in order to guide you at best in your approach. The correction method will be defined according to each case. In this way the use of the laser, which can generate scars, is avoided. <\/p>\n<p>As we are above all engaged, and in order to offer you the best care, we don\u2019t do correction on tattoos if we aren\u2019t convinced that the result will be better.<\/p>\n<p>\t<iframe loading=\"lazy\" width=\"500\" height=\"281\" src=\"https:\/\/www.youtube.com\/embed\/6Xl3UYuAQ1c?feature=oembed\" frameborder=\"0\" allow=\"accelerometer; autoplay; encrypted-media; gyroscope; picture-in-picture\" allowfullscreen><\/iframe><\/p>\n<h2><strong>Our prices<\/strong><\/h2>\n<table>\n<tbody>\n<tr>\n<td>\n<h4>Correction on previous line<\/h4>\n<\/td>\n<td>\n<h3>200 \u20ac \/ 300 \u20ac<\/h3>\n<\/td>\n<\/tr>\n<\/tbody>\n<\/table>\n<p>\t\t\t\t<img loading=\"lazy\" decoding=\"async\" src=\"https:\/\/www.naturacil.com\/wp-content\/uploads\/2019\/04\/Revitabrow-Banner-EN.png\" alt=\"Revitabrow-Banner-EN\" itemprop=\"image\" height=\"400\" width=\"1510\" title=\"Revitabrow-Banner-EN\" onerror=\"this.style.display='none'\"  \/><\/p>\n","protected":false},"excerpt":{"rendered":"<p>Tattoo correction,\u00a0a desire to renew your eyebrows The dermopigmentation of the eyebrows, even if it\u2019s also known as \u00ab\u00a0semi-permanent make-up\u00a0\u00bb shouldn\u2019t be taken lightly. The result, according to the different techniques used in the institute and to the different types of skin, can last 3 to 5 years. Therefore the choice of the practitioner is [&hellip;]<\/p>\n","protected":false},"author":5,"featured_media":0,"parent":0,"menu_order":0,"comment_status":"closed","ping_status":"closed","template":"","meta":{"site-sidebar-layout":"no-sidebar","site-content-layout":"page-builder","ast-site-content-layout":"default","site-content-style":"default","site-sidebar-style":"default","ast-global-header-display":"","ast-banner-title-visibility":"","ast-main-header-display":"","ast-hfb-above-header-display":"","ast-hfb-below-header-display":"","ast-hfb-mobile-header-display":"","site-post-title":"disabled","ast-breadcrumbs-content":"","ast-featured-img":"disabled","footer-sml-layout":"","ast-disable-related-posts":"","theme-transparent-header-meta":"","adv-header-id-meta":"","stick-header-meta":"","header-above-stick-meta":"","header-main-stick-meta":"","header-below-stick-meta":"","astra-migrate-meta-layouts":"default","ast-page-background-enabled":"default","ast-page-background-meta":{"desktop":{"background-color":"","background-image":"","background-repeat":"repeat","background-position":"center center","background-size":"auto","background-attachment":"scroll","background-type":"","background-media":"","overlay-type":"","overlay-color":"","overlay-opacity":"","overlay-gradient":""},"tablet":{"background-color":"","background-image":"","background-repeat":"repeat","background-position":"center center","background-size":"auto","background-attachment":"scroll","background-type":"","background-media":"","overlay-type":"","overlay-color":"","overlay-opacity":"","overlay-gradient":""},"mobile":{"background-color":"","background-image":"","background-repeat":"repeat","background-position":"center center","background-size":"auto","background-attachment":"scroll","background-type":"","background-media":"","overlay-type":"","overlay-color":"","overlay-opacity":"","overlay-gradient":""}},"ast-content-background-meta":{"desktop":{"background-color":"var(--ast-global-color-5)","background-image":"","background-repeat":"repeat","background-position":"center center","background-size":"auto","background-attachment":"scroll","background-type":"","background-media":"","overlay-type":"","overlay-color":"","overlay-opacity":"","overlay-gradient":""},"tablet":{"background-color":"var(--ast-global-color-5)","background-image":"","background-repeat":"repeat","background-position":"center center","background-size":"auto","background-attachment":"scroll","background-type":"","background-media":"","overlay-type":"","overlay-color":"","overlay-opacity":"","overlay-gradient":""},"mobile":{"background-color":"var(--ast-global-color-5)","background-image":"","background-repeat":"repeat","background-position":"center center","background-size":"auto","background-attachment":"scroll","background-type":"","background-media":"","overlay-type":"","overlay-color":"","overlay-opacity":"","overlay-gradient":""}},"footnotes":""},"class_list":["post-2954","page","type-page","status-publish","hentry"],"_links":{"self":[{"href":"https:\/\/www.naturacil.com\/en\/wp-json\/wp\/v2\/pages\/2954","targetHints":{"allow":["GET"]}}],"collection":[{"href":"https:\/\/www.naturacil.com\/en\/wp-json\/wp\/v2\/pages"}],"about":[{"href":"https:\/\/www.naturacil.com\/en\/wp-json\/wp\/v2\/types\/page"}],"author":[{"embeddable":true,"href":"https:\/\/www.naturacil.com\/en\/wp-json\/wp\/v2\/users\/5"}],"replies":[{"embeddable":true,"href":"https:\/\/www.naturacil.com\/en\/wp-json\/wp\/v2\/comments?post=2954"}],"version-history":[{"count":0,"href":"https:\/\/www.naturacil.com\/en\/wp-json\/wp\/v2\/pages\/2954\/revisions"}],"wp:attachment":[{"href":"https:\/\/www.naturacil.com\/en\/wp-json\/wp\/v2\/media?parent=2954"}],"curies":[{"name":"wp","href":"https:\/\/api.w.org\/{rel}","templated":true}]}}