{"id":2963,"date":"2019-04-08T18:22:02","date_gmt":"2019-04-08T16:22:02","guid":{"rendered":"https:\/\/www.naturacil.com\/eyebrows-tattoo-removal\/"},"modified":"2019-04-25T16:32:00","modified_gmt":"2019-04-25T14:32:00","slug":"eyebrows-tattoo-removal","status":"publish","type":"page","link":"https:\/\/www.naturacil.com\/en\/eyebrows-tattoo-removal\/","title":{"rendered":"Eyebrows tattoo removal"},"content":{"rendered":"<p>\t<div id=\"mega-menu-wrap-max_mega_menu_3\" class=\"mega-menu-wrap\"><div class=\"mega-menu-toggle\"><div class=\"mega-toggle-blocks-left\"><\/div><div class=\"mega-toggle-blocks-center\"><\/div><div class=\"mega-toggle-blocks-right\"><div class='mega-toggle-block mega-menu-toggle-block mega-toggle-block-1' id='mega-toggle-block-1'><button aria-controls=\"mega-menu-max_mega_menu_3\" aria-expanded=\"false\" aria-haspopup=\"true\" class='mega-toggle-standard mega-toggle-label'><span class='mega-toggle-label-closed'>MENU<\/span><span class='mega-toggle-label-open'>MENU<\/span><\/button><\/div><\/div><\/div><ul id=\"mega-menu-max_mega_menu_3\" class=\"mega-menu max-mega-menu mega-menu-horizontal mega-no-js\" data-event=\"hover_intent\" data-effect=\"fade_up\" data-effect-speed=\"200\" data-effect-mobile=\"disabled\" data-effect-speed-mobile=\"0\" data-panel-width=\"body\" data-mobile-force-width=\"false\" data-second-click=\"go\" data-document-click=\"collapse\" data-vertical-behaviour=\"standard\" data-breakpoint=\"600\" data-unbind=\"true\" data-mobile-state=\"collapse_all\" data-mobile-direction=\"vertical\"><li class=\"mega-menu-item mega-menu-item-type-post_type mega-menu-item-object-page mega-align-bottom-left mega-menu-flyout mega-has-icon mega-icon-top mega-menu-item-684\" id=\"mega-menu-item-684\"><a class=\"mega-custom-icon mega-menu-link\" href=\"https:\/\/www.naturacil.com\/sourcils-microshading\/\"><span class='mega-title-below'>Microshading<\/span><\/a><\/li><li class=\"mega-menu-item mega-menu-item-type-post_type mega-menu-item-object-page mega-align-bottom-left mega-menu-flyout mega-has-icon mega-icon-top mega-menu-item-685\" id=\"mega-menu-item-685\"><a class=\"mega-custom-icon mega-menu-link\" href=\"https:\/\/www.naturacil.com\/sourcils-microblading\/\"><span class='mega-title-below'>Microblading<\/span><\/a><\/li><li class=\"mega-menu-item mega-menu-item-type-post_type mega-menu-item-object-page mega-align-bottom-left mega-menu-flyout mega-has-icon mega-icon-top mega-menu-item-688\" id=\"mega-menu-item-688\"><a class=\"mega-custom-icon mega-menu-link\" href=\"https:\/\/www.naturacil.com\/sourcils-combo\/\"><span class='mega-title-below'>Combo<\/span><\/a><\/li><li class=\"mega-menu-item mega-menu-item-type-post_type mega-menu-item-object-page mega-align-bottom-left mega-menu-flyout mega-has-icon mega-icon-top mega-menu-item-683\" id=\"mega-menu-item-683\"><a class=\"mega-custom-icon mega-menu-link\" href=\"https:\/\/www.naturacil.com\/sourcils-mise-en-forme\/\"><span class='mega-title-below'>Mise en forme<\/span><\/a><\/li><li class=\"mega-menu-item mega-menu-item-type-post_type mega-menu-item-object-page mega-align-bottom-left mega-menu-flyout mega-has-icon mega-icon-top mega-menu-item-682\" id=\"mega-menu-item-682\"><a class=\"mega-custom-icon mega-menu-link\" href=\"https:\/\/www.naturacil.com\/sourcils-teinture\/\"><span class='mega-title-below'>Teinture<\/span><\/a><\/li><li class=\"mega-menu-item mega-menu-item-type-post_type mega-menu-item-object-page mega-align-bottom-left mega-menu-flyout mega-has-icon mega-icon-top mega-menu-item-687\" id=\"mega-menu-item-687\"><a class=\"mega-custom-icon mega-menu-link\" href=\"https:\/\/www.naturacil.com\/sourcils-correction-tatouage\/\"><span class='mega-title-below'>Correction tatouage<\/span><\/a><\/li><li class=\"mega-menu-item mega-menu-item-type-post_type mega-menu-item-object-page mega-align-bottom-left mega-menu-flyout mega-has-icon mega-icon-top mega-menu-item-686\" id=\"mega-menu-item-686\"><a class=\"mega-custom-icon mega-menu-link\" href=\"https:\/\/www.naturacil.com\/sourcils-detatouage\/\"><span class='mega-title-below'>D\u00e9tatouage<\/span><\/a><\/li><\/ul><\/div><br \/>\n\t\t\t\t<img loading=\"lazy\" decoding=\"async\" src=\"https:\/\/www.naturacil.com\/wp-content\/uploads\/2018\/09\/detatouage-sourcils-naturacil-2.jpg\" alt=\"detatouage-sourcils-naturacil-2\" itemprop=\"image\" height=\"785\" width=\"1511\" title=\"detatouage-sourcils-naturacil-2\" onerror=\"this.style.display='none'\"  \/><\/p>\n<h1><strong>Tattoo removal: <\/strong>NATURACIL, the tattoo removal without constraint<\/h1>\n<p><img loading=\"lazy\" decoding=\"async\" src=\"https:\/\/www.naturacil.com\/wp-content\/uploads\/2018\/09\/correction-detatouage-naturacil-remove-1-4-300x205.jpg\" alt=\"\" width=\"281\" height=\"192\" \/><strong>In the frame where the tattoo correction isn\u2019t possible, NATURACIL suggest you to wipe the slate clean.<br \/>\nThis non-invasive tattoo removal technique allows to remove a failed permanent make-up, and which can\u2019t be put right (too thick form, too dark colour, the tattoo is too deep and\/or not adapted due to an error of colorimetry and\/or the pigments used aren\u2019t conform or problem of shape or of symmetry) or the tattoo isn\u2019t any more desired or assumed.<\/strong><\/p>\n<p>NATURACIL, exclusive representative of the <strong>SKINIAL<\/strong><sup>\u00a9<\/sup> mark, offers the tattoo removal without laser. Almost painless, this removal technique allows to the tattoo ink to leave the body through the surface of the skin. The removal liquid will be completely decomposed by the natural metabolism of the body only in a few hours. No polluting residue remains in the organism. In general two sessions are enough. Nevertheless, it can vary according to the depth of implantation of the pigment, of its quality and also of its age.<\/p>\n<h3>\n\tAsk for an estimate!\t<\/h3>\n<\/p>\n<form enctype=\"multipart\/form-data\" method=\"post\" id=\"form_jh3tk2\"  >\n<fieldset>\n<legend>detatouage EN<\/legend>\n<p><input type=\"hidden\" name=\"frm_action\" value=\"create\" \/><br \/>\n<input type=\"hidden\" name=\"form_id\" value=\"7\" \/><br \/>\n<input type=\"hidden\" name=\"frm_hide_fields_7\" id=\"frm_hide_fields_7\" value=\"\" \/><br \/>\n<input type=\"hidden\" name=\"form_key\" value=\"jh3tk2\" \/><br \/>\n<input type=\"hidden\" name=\"item_meta[0]\" value=\"\" \/><br \/>\n<input type=\"hidden\" id=\"frm_submit_entry_7\" name=\"frm_submit_entry_7\" value=\"a9a45b0095\" \/><input type=\"hidden\" name=\"_wp_http_referer\" value=\"\/en\/eyebrows-tattoo-removal\/?fl_builder\" \/><label for=\"frm_verify_7\">If you are human, leave this field blank.<\/label><br \/>\n<input type=\"text\" id=\"frm_verify_7\" name=\"frm_verify\" value=\"\"  \/><br \/>\n    <label for=\"field_1eodk2\">Name<br \/>\n        *<br \/>\n    <\/label><br \/>\n    <input type=\"text\" id=\"field_1eodk2\" name=\"item_meta[77]\" value=\"\"  data-reqmsg=\"Ce champ ne peut pas \u00eatre vide\" data-invmsg=\"texte est non valide\"  \/><br \/>\n    <label for=\"field_m6rq72\">E-mail<br \/>\n        *<br \/>\n    <\/label><br \/>\n    <input type=\"email\" id=\"field_m6rq72\" name=\"item_meta[78]\" value=\"\"  data-reqmsg=\"Ce champ ne peut pas \u00eatre vide\" data-invmsg=\"E-mail est non valide\"  \/><br \/>\n    <label for=\"field_ifsvl2\">Size of tattoo to remove<br \/>\n        *<br \/>\n    <\/label><br \/>\n    \t\t<label for=\"field_ifsvl2-0\">\t\t\t<input type=\"radio\" name=\"item_meta[79]\" id=\"field_ifsvl2-0\" value=\"&lt; 5 cm square\"   data-reqmsg=\"Ce champ ne peut pas \u00eatre vide\" data-invmsg=\"Size of tattoo to remove is invalid\"  \/> &lt; 5 cm square<\/label><br \/>\n\t\t<label for=\"field_ifsvl2-1\">\t\t\t<input type=\"radio\" name=\"item_meta[79]\" id=\"field_ifsvl2-1\" value=\"6 - 15 cm square\"   data-reqmsg=\"Ce champ ne peut pas \u00eatre vide\" data-invmsg=\"Size of tattoo to remove is invalid\"  \/> 6 &#8211; 15 cm square<\/label><br \/>\n\t\t<label for=\"field_ifsvl2-2\">\t\t\t<input type=\"radio\" name=\"item_meta[79]\" id=\"field_ifsvl2-2\" value=\"&gt; 16 cm square\"   data-reqmsg=\"Ce champ ne peut pas \u00eatre vide\" data-invmsg=\"Size of tattoo to remove is invalid\"  \/> &gt; 16 cm square<\/label><br \/>\n    <label for=\"field_isg7y2\">Laser treatment before?<br \/>\n        *<br \/>\n    <\/label><br \/>\n    \t\t<label for=\"field_isg7y2-0\">\t\t\t<input type=\"radio\" name=\"item_meta[80]\" id=\"field_isg7y2-0\" value=\"Yes\"   data-reqmsg=\"Ce champ ne peut pas \u00eatre vide\" data-invmsg=\"Laser treatment before? is invalid\"  \/> Yes<\/label><br \/>\n\t\t<label for=\"field_isg7y2-1\">\t\t\t<input type=\"radio\" name=\"item_meta[80]\" id=\"field_isg7y2-1\" value=\"No\"   data-reqmsg=\"Ce champ ne peut pas \u00eatre vide\" data-invmsg=\"Laser treatment before? is invalid\"  \/> No<\/label><br \/>\n    <label for=\"field_s3l002\">Upload a photo of your tattoo<br \/>\n    <\/label><br \/>\n    <input type=\"hidden\" name=\"item_meta[81]\" value=\"\" data-frmfile=\"81\" \/><br \/>\n\t\t<input type=\"file\" name=\"file81\" id=\"field_s3l002\"  data-invmsg=\"T\u00e9l\u00e9versement de fichier est non valide\"   \/><\/p>\n<h3>Uploading Files. Please Wait.<\/h3>\n<p>\t\tD\u00e9poser un fichier ici ou cliquer pour t\u00e9l\u00e9charger<br \/>\n\t\tChoisir un fichier<br \/>\n\t\t\tMaximum upload size: 2MB<br \/>\n    <label for=\"field_qkqc2\">Comments<br \/>\n    <\/label><br \/>\n    <textarea name=\"item_meta[82]\" id=\"field_qkqc2\" rows=\"4\"  data-invmsg=\"Comments is invalid\"  ><\/textarea><br \/>\n<input type=\"hidden\" name=\"item_key\" value=\"\" \/><br \/>\n<input type=\"hidden\" autocomplete=\"off\" autocorrect=\"off\" name=\"UdSf-U-T-W-R-fc-HE\" value=\"\" \/><br \/>\n<button type=\"submit\"   formnovalidate=\"formnovalidate\">Send<\/button><br \/>\n<\/fieldset>\n<\/form>\n<h2>\n\t\tBefore &#038; after<br \/>\n\t<\/h2>\n<p>\t\t\t\t\t\t\t\t\t\t\t\t<img decoding=\"async\" src=\"https:\/\/www.naturacil.com\/wp-content\/uploads\/2018\/10\/EnCours-Avant-1.png\" alt=\"Before\"\/><br \/>\n\t\t\t\t\t\t\t\t\t\t\t\t<img decoding=\"async\" src=\"https:\/\/www.naturacil.com\/wp-content\/uploads\/2018\/10\/EnCours-Apres-1.png\" alt=\"After\"\/><br \/>\n\t\t\t\t\t\t\t\t\t\t\t\t<img decoding=\"async\" src=\"https:\/\/www.naturacil.com\/wp-content\/uploads\/2018\/10\/EnCours-Avant-1.png\" alt=\"Before\"\/><br \/>\n\t\t\t\t\t\t\t\t\t\t\t\t<img decoding=\"async\" src=\"https:\/\/www.naturacil.com\/wp-content\/uploads\/2018\/10\/EnCours-Apres-1.png\" alt=\"After\"\/><\/p>\n<h2>Naturacil offers the tattoo removal with <strong>SKINIAL<\/strong><sup>\u00a9<\/sup>.<\/h2>\n<h6><strong>In most cases of removals, the mark of the tattoo isn\u2019t more perceivable to the naked eye. One to two treatments are enough to blur significantly the tattoo and two to three treatments are enough to remove it completely.<\/strong><\/h6>\n<p>You have to wait between the sessions 8 to 10 weeks.<\/p>\n<p>The skin sometimes requires a supplementary time of healing to be able to lose its rednesses, out of direct sunshine. More considerable tattoos often requires longer time of healing. Before the intervention the zone of the tattoo removal is cleaned, plucked and disinfected. The tattoo removal is made by injecting diluted lactic acid PH3 (identical to that which our organism produces) under the skin which enables the absorption and the natural extrusion of the micropigments, regardless of their colour (contrary to the tattoo removal with laser). The lactic acid is transformed in glucose then decomposed by the natural metabolism of the body within a few hours. So the ink is totally rejected in the healing scab which forms after the injection. The scab hardens and falls off about 2 weeks later, the skin regenerates and it\u2019s totally free of ink. The skin is healed in the 8 weeks after the last intervention. After healing, during some months, the treated zone may reatin a very slight redness. A session lasts about 45 minutes.<\/p>\n<p>\t<iframe loading=\"lazy\" width=\"500\" height=\"281\" src=\"https:\/\/www.youtube.com\/embed\/6Xl3UYuAQ1c?feature=oembed\" frameborder=\"0\" allow=\"accelerometer; autoplay; encrypted-media; gyroscope; picture-in-picture\" allowfullscreen><\/iframe><\/p>\n<h2><strong>Our prices<\/strong><\/h2>\n<table>\n<tbody>\n<tr>\n<td>\n<h4>SKINIAL<sup>\u00a9<\/sup> tattoo removal<\/h4>\n<\/td>\n<td>\n<h3>120 \u20ac \/ s\u00e9ance<\/h3>\n<\/td>\n<\/tr>\n<\/tbody>\n<\/table>\n<p>\t\t\t\t\t\tThe Skinial method<\/p>\n<h3><strong>How does a treatment of tattoo removal without laser take place\u00a0?<\/strong><\/h3>\n<p><strong><img loading=\"lazy\" decoding=\"async\" src=\"https:\/\/www.naturacil.com\/wp-content\/uploads\/2018\/10\/Skinial-2-300x71.png\" alt=\"\" width=\"300\" height=\"71\" \/><\/strong><strong>A support in detail:<\/strong><br \/>\nABefore any intervention, the staff will discuss in detail with the customer the method, the procedure, the different questions concerning health, the possible side effects and as well as the results. The customer will fill in a questionnaire about his\/her previous medical history, the eventual use of medicines, etc., and will sign a declaration of consent relating to the treatment. In order to avoid any undesirable allergy, we recommend to perform a tolerance test.vant toute intervention, le personnel abordera en d\u00e9tail avec le client la m\u00e9thode, le d\u00e9roulement, les diverses questions concernant la sant\u00e9, les effets secondaires possibles et aussi les r\u00e9sultats. Le client remplira un questionnaire sur ses ant\u00e9c\u00e9dents m\u00e9dicaux, la prise \u00e9ventuelle de m\u00e9dicaments, etc., et signe une d\u00e9claration de consentement relative au traitement. Afin d\u2019\u00e9viter toute allergie ind\u00e9sirable, nous recommandons de proc\u00e9der ensuite \u00e0 un test de tol\u00e9rance.<br \/>\n\t\t\t\t\t\tWhat are the advantages of Skinial treatment?<\/p>\n<h4><strong>Remove all the colours <\/strong><\/h4>\n<h4><strong>Diminish the number of treatments <\/strong><\/h4>\n<h4><strong>No residue in the body<\/strong><\/h4>\n<h4><strong>Less pain!<\/strong><\/h4>\n<p>All the colours and colour combinations can be removed with our tattoo removal method without using laser. It regards not only the tattoo ink, but also special mixtures. In almost every case, we can eliminate the colour of the treated zone with the first treatment.<br \/>\nCompared with laser method, the number of treatments with the Skinial method is significantly lower. For the little tattoos (up to 16 cm2), according to the shape, in general it requires three to four tattoo removal treatments. Consequently our tattoo removal is obviously cheaper than the laser removal method.<br \/>\nThe tattoo ink leaves the body through the surface of the skin and the removal liquid will be completely decomposed by the natural metabolism of the body within a few hours. No pollutant remains in the organism after the tattoo removal process\u00a0!<br \/>\nIn general the tattoo removal with Skinial is less painful than the original tattooing.<br \/>\n\t\t\t\t\t\tWhich are the results that we can expect with the tattoo removal without laser ?<br \/>\n\t\t\tThe great majority of our customers are delighted to finally be able to benefit from a soft tattoo removal method, and they can confirm the results. Nevertheless, many of them think that we can erase a tattoo from the skin as we clean graffiti off the wall. However, the human skin is alive and it doesn\u2019t react as a wall. At present no method exists in the world which can guarantee total removal of the tattoo or the absence of scar.<br \/>\nOur method isn\u2019t in question\u00a0: it comes from the complexity of the skin and of the human being. A plastic surgeon can\u2019t guarantee you a result, even if he has realised it several times. A good result, when the tattoo isn\u2019t visible from a distance of one meter. Before any intervention, we discuss with you your personal expectations as well as the possible result in details thorough personal consultation.<br \/>\nIn most cases of the tattoos removed with Skinial, the mark isn\u2019t more perceivable at naked eye. The results are visible after two to three treatments, in the case of little tattoos, and not earlier than four to five months later (including the waiting time between the treatments of 8 to 10 weeks). However, the skin often requires a supplementary time of healing to be able to lose its redness out of direct sunshine. More important tattoos often require considerably longer time of healing. More important the tattoo is, more risk of appearance of scars related to the intervention is present.<\/p>\n<div class=\"ast-oembed-container \" style=\"height: 100%;\"><iframe loading=\"lazy\" title=\"Teasing\" width=\"500\" height=\"281\" src=\"https:\/\/www.youtube.com\/embed\/6Xl3UYuAQ1c?feature=oembed\" frameborder=\"0\" allow=\"accelerometer; autoplay; clipboard-write; encrypted-media; gyroscope; picture-in-picture; web-share\" referrerpolicy=\"strict-origin-when-cross-origin\" allowfullscreen><\/iframe><\/div>\n<p>\t\t\t\t\t\tFor which reasons should not you remove your tattoo with laser?<br \/>\n\t\t\tUp to now, the standard method to remove a tattoo consisted in using different types of laser according to the colour of different pigments. They are fractionated by the energy of the laser and are moved to the interior of the body through the lymphatic system. We still don\u2019t know where the particles from the decomposition of the pigments are stocked, neither what they can provoke. Medical researches mention the possibility that the projection of a light of high level of energy on the pigments of colour provokes the creation of new components, certains of them toxic without doubt. Thus, they could penetrate the body in an uncontrolled way. Therefore several doctors advise not to remove the tattoo for the moment and to renounce the laser treatment. However thanks to our method, it is possible.<br \/>\n<strong>Classic tattooing method with tattoo ink<\/strong><br \/>\nMedical researches carried out at the university clinic of Ratisbonne in Germany (published in the German medical review \u00ab \u00c4rtzeblatt Sachsen-Anhalt \u00bb &#8211; see source with additional information on Wikipedia) allowed to discover that\u00a0: \u00ab\u00a0it has been established that the fragmentation of the azo dyes in the skin can provoke the appearance of <a href=\"https:\/\/www.larousse.fr\/dictionnaires\/anglais-francais\/carcinogenic\/568571\">carcinogenic<\/a> aromatic amines, namely under the effect of UV radiation. After the tattooing, the pigments of colour, the products of fragmentation and the impurities can disperse in the whole body via the vascular system. We can find them for example in the lymph nodes\u00a0\u00bb. Other sources evoke the presence of deposits in the spleen and the liver.<br \/>\nAnother problem consists in the fact that the colour pigments are certainly split, but they are transferred by the laser also in the deeper layers of the skin and in the connective tissue. They form there opacities which are inaccessible. This can be recognized by the fact that even after 10 tattoo removal treatments, the tattoo is still visible and nothing changes in spite of the continuation of the laser treatments. Burns aren\u2019t always perceivable from the outside, nevertheless the connective tissue situated under it is often cicatrized. Hardening and clustering under the skin are the tangible signs.<br \/>\nIn such cases, only a skin transplantation can help to eliminate these defaults, neither our method is no longer able to pull up the pigments on the surface of the skin. A new tattoo on the same place or popular recovery method is no longer possible.<br \/>\nAlso in this case several doctors advise not to remove the tattoo for the moment and to renounce the laser treatment. The risks are too high.<br \/>\n\t\t\t\t\t\tWhich are the risk to face during a tattoo removal without laser?<br \/>\n\t\t\tIn 5 to 10 % of the cases, we constate the appearance of keloids (hypertrophic scars). \u00a0Meanwhile, several therapeutic approaches have seen the light of the day to treat them well. You can obtain an overview in our Wiki (click here) where we present the most diverse methods. The doctors evoke mainly a genetic predisposition to the formation of such scars, that\u2019s why until now no method treatment didn\u2019t allow to guarantee a success of 100%. Often, it\u2019s the classical massage oil which helps, because, in fact, the pressure of the massage provokes in several cases the spontaneous reconstitution of the tissue.<br \/>\n<strong>The colours don\u2019t fade away well: <\/strong><br \/>\nIt occurs in isolated cases that the colours don\u2019t disappear completely, or in a lesser quantity after an intervention. It may occur for different reasons. Firstly, several medicines block this expulsion reaction. The prior application of cream or of a local anaesthetic may have the same effect. Lastly, the general medical condition of each patient and the exact following of post-intervention care indications contribute a lot as well. Often, the reasons are also due to the fact that the skin had already scars, that the tattoo had been realized too deeply, or the tattoo contains a great quantity of colours.<br \/>\n<strong>Inflammations:<\/strong><br \/>\nAs in the case of whatever irritation of the skin, inflammations may also appear during the tattoo removal.<br \/>\nThe major part of such inflammations originate from the development of bacteriums, consecutive to in appropriate cleaning of the wound. The tattoo situated on the zones submitted to significant movements (ankle, wrist, elbow etc &#8230;) are particularly concerned. Reduced inflammations are absorbed very fast. If bigger surfaces are concerned, please contact us and\/or contact your doctor.<br \/>\n\t\t\t\t<img loading=\"lazy\" decoding=\"async\" src=\"https:\/\/www.naturacil.com\/wp-content\/uploads\/2019\/04\/Revitabrow-Banner-EN.png\" alt=\"Revitabrow-Banner-EN\" itemprop=\"image\" height=\"400\" width=\"1510\" title=\"Revitabrow-Banner-EN\" onerror=\"this.style.display='none'\"  \/><\/p>\n","protected":false},"excerpt":{"rendered":"<p>Tattoo removal: NATURACIL, the tattoo removal without constraint In the frame where the tattoo correction isn\u2019t possible, NATURACIL suggest you to wipe the slate clean. This non-invasive tattoo removal technique allows to remove a failed permanent make-up, and which can\u2019t be put right (too thick form, too dark colour, the tattoo is too deep and\/or [&hellip;]<\/p>\n","protected":false},"author":5,"featured_media":0,"parent":0,"menu_order":0,"comment_status":"closed","ping_status":"closed","template":"","meta":{"site-sidebar-layout":"no-sidebar","site-content-layout":"page-builder","ast-site-content-layout":"default","site-content-style":"default","site-sidebar-style":"default","ast-global-header-display":"","ast-banner-title-visibility":"","ast-main-header-display":"","ast-hfb-above-header-display":"","ast-hfb-below-header-display":"","ast-hfb-mobile-header-display":"","site-post-title":"disabled","ast-breadcrumbs-content":"","ast-featured-img":"disabled","footer-sml-layout":"","ast-disable-related-posts":"","theme-transparent-header-meta":"default","adv-header-id-meta":"","stick-header-meta":"","header-above-stick-meta":"","header-main-stick-meta":"","header-below-stick-meta":"","astra-migrate-meta-layouts":"default","ast-page-background-enabled":"default","ast-page-background-meta":{"desktop":{"background-color":"","background-image":"","background-repeat":"repeat","background-position":"center center","background-size":"auto","background-attachment":"scroll","background-type":"","background-media":"","overlay-type":"","overlay-color":"","overlay-opacity":"","overlay-gradient":""},"tablet":{"background-color":"","background-image":"","background-repeat":"repeat","background-position":"center center","background-size":"auto","background-attachment":"scroll","background-type":"","background-media":"","overlay-type":"","overlay-color":"","overlay-opacity":"","overlay-gradient":""},"mobile":{"background-color":"","background-image":"","background-repeat":"repeat","background-position":"center center","background-size":"auto","background-attachment":"scroll","background-type":"","background-media":"","overlay-type":"","overlay-color":"","overlay-opacity":"","overlay-gradient":""}},"ast-content-background-meta":{"desktop":{"background-color":"var(--ast-global-color-5)","background-image":"","background-repeat":"repeat","background-position":"center center","background-size":"auto","background-attachment":"scroll","background-type":"","background-media":"","overlay-type":"","overlay-color":"","overlay-opacity":"","overlay-gradient":""},"tablet":{"background-color":"var(--ast-global-color-5)","background-image":"","background-repeat":"repeat","background-position":"center center","background-size":"auto","background-attachment":"scroll","background-type":"","background-media":"","overlay-type":"","overlay-color":"","overlay-opacity":"","overlay-gradient":""},"mobile":{"background-color":"var(--ast-global-color-5)","background-image":"","background-repeat":"repeat","background-position":"center center","background-size":"auto","background-attachment":"scroll","background-type":"","background-media":"","overlay-type":"","overlay-color":"","overlay-opacity":"","overlay-gradient":""}},"footnotes":""},"class_list":["post-2963","page","type-page","status-publish","hentry"],"_links":{"self":[{"href":"https:\/\/www.naturacil.com\/en\/wp-json\/wp\/v2\/pages\/2963","targetHints":{"allow":["GET"]}}],"collection":[{"href":"https:\/\/www.naturacil.com\/en\/wp-json\/wp\/v2\/pages"}],"about":[{"href":"https:\/\/www.naturacil.com\/en\/wp-json\/wp\/v2\/types\/page"}],"author":[{"embeddable":true,"href":"https:\/\/www.naturacil.com\/en\/wp-json\/wp\/v2\/users\/5"}],"replies":[{"embeddable":true,"href":"https:\/\/www.naturacil.com\/en\/wp-json\/wp\/v2\/comments?post=2963"}],"version-history":[{"count":0,"href":"https:\/\/www.naturacil.com\/en\/wp-json\/wp\/v2\/pages\/2963\/revisions"}],"wp:attachment":[{"href":"https:\/\/www.naturacil.com\/en\/wp-json\/wp\/v2\/media?parent=2963"}],"curies":[{"name":"wp","href":"https:\/\/api.w.org\/{rel}","templated":true}]}}