{"id":3099,"date":"2019-04-09T15:25:53","date_gmt":"2019-04-09T13:25:53","guid":{"rendered":"https:\/\/www.naturacil.com\/chart-pigments\/"},"modified":"2019-04-11T11:08:05","modified_gmt":"2019-04-11T09:08:05","slug":"chart-pigments","status":"publish","type":"page","link":"https:\/\/www.naturacil.com\/en\/chart-pigments\/","title":{"rendered":"Chart Pigments"},"content":{"rendered":"<p>\t<div id=\"mega-menu-wrap-max_mega_menu_7\" class=\"mega-menu-wrap\"><div class=\"mega-menu-toggle\"><div class=\"mega-toggle-blocks-left\"><\/div><div class=\"mega-toggle-blocks-center\"><\/div><div class=\"mega-toggle-blocks-right\"><div class='mega-toggle-block mega-menu-toggle-block mega-toggle-block-1' id='mega-toggle-block-1'><button class='mega-toggle-standard mega-toggle-label' aria-haspopup='true' aria-expanded='false' aria-controls='mega-menu-max_mega_menu_7'><span class='mega-toggle-label-closed'>MENU<\/span><span class='mega-toggle-label-open'>MENU<\/span><\/button><\/div><\/div><\/div><ul id=\"mega-menu-max_mega_menu_7\" class=\"mega-menu max-mega-menu mega-menu-horizontal mega-no-js\" data-event=\"hover_intent\" data-effect=\"fade_up\" data-effect-speed=\"200\" data-effect-mobile=\"disabled\" data-effect-speed-mobile=\"0\" data-panel-width=\"body\" data-mobile-force-width=\"false\" data-second-click=\"go\" data-document-click=\"collapse\" data-vertical-behaviour=\"standard\" data-breakpoint=\"600\" data-unbind=\"true\" data-mobile-state=\"collapse_all\" data-mobile-direction=\"vertical\" data-hover-intent-timeout=\"300\" data-hover-intent-interval=\"100\"><li class=\"mega-menu-item mega-menu-item-type-post_type mega-menu-item-object-page mega-align-bottom-left mega-menu-flyout mega-has-icon mega-icon-top mega-menu-item-927\" id=\"mega-menu-item-927\"><a class=\"mega-custom-icon mega-menu-link\" href=\"https:\/\/www.naturacil.com\/charte-pigments\/\"><span class='mega-title-below'>Pigments<\/span><\/a><\/li><li class=\"mega-menu-item mega-menu-item-type-post_type mega-menu-item-object-page mega-align-bottom-left mega-menu-flyout mega-has-icon mega-icon-top mega-menu-item-926\" id=\"mega-menu-item-926\"><a class=\"mega-custom-icon mega-menu-link\" href=\"https:\/\/www.naturacil.com\/charte-hygiene\/\"><span class='mega-title-below'>Hygi\u00e8ne<\/span><\/a><\/li><li class=\"mega-menu-item mega-menu-item-type-post_type mega-menu-item-object-page mega-align-bottom-left mega-menu-flyout mega-has-icon mega-icon-top mega-menu-item-928\" id=\"mega-menu-item-928\"><a class=\"mega-custom-icon mega-menu-link\" href=\"https:\/\/www.naturacil.com\/charte-precautions\/\"><span class='mega-title-below'>Pr\u00e9cautions<\/span><\/a><\/li><li class=\"mega-menu-item mega-menu-item-type-post_type mega-menu-item-object-page mega-align-bottom-left mega-menu-flyout mega-has-icon mega-icon-top mega-menu-item-925\" id=\"mega-menu-item-925\"><a class=\"mega-custom-icon mega-menu-link\" href=\"https:\/\/www.naturacil.com\/charte-faq\/\"><span class='mega-title-below'>FAQ<\/span><\/a><\/li><\/ul><\/div><br \/>\n\t\t\t\t<img loading=\"lazy\" decoding=\"async\" src=\"https:\/\/www.naturacil.com\/wp-content\/uploads\/2018\/09\/pigment-naturel-sourcil-microblading-naturacil-2.jpg\" alt=\"pigment-naturel-sourcil-microblading-naturacil-2\" itemprop=\"image\" height=\"390\" width=\"1513\" title=\"pigment-naturel-sourcil-microblading-naturacil-2\" onerror=\"this.style.display='none'\"  \/><\/p>\n<h1><img loading=\"lazy\" decoding=\"async\" src=\"https:\/\/www.naturacil.com\/wp-content\/uploads\/2018\/10\/Pigments-Naturacil.jpg\" alt=\"\" width=\"638\" height=\"490\" \/><strong>The pigments which we use are\u00a0: <\/strong><\/h1>\n<h3><strong><img loading=\"lazy\" decoding=\"async\" src=\"https:\/\/www.naturacil.com\/wp-content\/uploads\/2018\/10\/100Vegan-300x269.png\" alt=\"\" width=\"107\" height=\"96\" \/><\/strong><strong>STERILE, MINERAL, ORGANIC, VEGAN and MEDICAL. They are FRENCH and COMPLIED to ISO 9001 and ISO 13485 standards.<\/strong><\/h3>\n<p><strong>The pigments are subject to the most strict regulations, approved CE IIb medical device according to the 93\/43 EEC directive governing medical devices.<\/strong><\/p>\n<p><img loading=\"lazy\" decoding=\"async\" src=\"https:\/\/www.naturacil.com\/wp-content\/uploads\/2018\/09\/100Natural.png\" alt=\"\" width=\"92\" height=\"96\" \/><\/p>\n<p>The pigments or colouring agents used are free of aromatic amines and derivatives, without preservatives or fixatives. They have excellent chromatic stability and dispersion in accordance with the PH of the skin.<\/p>\n<p>They contain no trace of mercury, carbon or nickel. For more information, do not hesitate to ask your practitioner who will be able to reassure you and guarantee you a quality work in the respect of nature and the environment.<\/p>\n<p>For allergy sufferers, the list of components can be provided.<\/p>\n<h2><strong>Colour of eyebrows<\/strong><\/h2>\n<p><img loading=\"lazy\" decoding=\"async\" src=\"https:\/\/www.naturacil.com\/wp-content\/uploads\/2018\/09\/Eyebrow-color-01-1-300x243.png\" alt=\"\" width=\"150\" height=\"122\" \/>\u00a0 \u00a0 \u00a0 \u00a0 \u00a0 \u00a0 \u00a0 \u00a0 \u00a0 \u00a0 \u00a0 \u00a0 \u00a0 \u00a0 \u00a0<img loading=\"lazy\" decoding=\"async\" src=\"https:\/\/www.naturacil.com\/wp-content\/uploads\/2018\/09\/Eyebrow-color-02-1-300x243.png\" alt=\"\" width=\"150\" height=\"122\" \/>\u00a0 \u00a0 \u00a0 \u00a0 \u00a0 \u00a0 \u00a0 \u00a0 \u00a0 \u00a0 \u00a0 \u00a0 \u00a0 \u00a0 \u00a0<img loading=\"lazy\" decoding=\"async\" src=\"https:\/\/www.naturacil.com\/wp-content\/uploads\/2018\/09\/Eyebrow-color-03-1-300x243.png\" alt=\"\" width=\"150\" height=\"122\" \/>\u00a0 \u00a0 \u00a0 \u00a0 \u00a0 \u00a0 \u00a0 \u00a0 \u00a0 \u00a0 \u00a0 \u00a0 \u00a0 \u00a0 \u00a0<img loading=\"lazy\" decoding=\"async\" src=\"https:\/\/www.naturacil.com\/wp-content\/uploads\/2018\/09\/Eyebrow-color-04-1-300x243.png\" alt=\"\" width=\"150\" height=\"122\" \/>\u00a0 \u00a0 \u00a0 \u00a0 \u00a0 \u00a0 \u00a0 \u00a0 \u00a0 \u00a0 \u00a0 \u00a0 \u00a0 \u00a0 \u00a0<img loading=\"lazy\" decoding=\"async\" src=\"https:\/\/www.naturacil.com\/wp-content\/uploads\/2018\/09\/Eyebrow-color-05-1-300x243.png\" alt=\"\" width=\"150\" height=\"122\" \/>\u00a0 \u00a0 \u00a0 \u00a0 \u00a0 \u00a0 \u00a0 \u00a0 \u00a0 \u00a0 \u00a0 \u00a0 \u00a0 \u00a0 \u00a0<img loading=\"lazy\" decoding=\"async\" src=\"https:\/\/www.naturacil.com\/wp-content\/uploads\/2018\/09\/Eyebrow-color-06-1-300x243.png\" alt=\"\" width=\"150\" height=\"122\" \/><\/p>\n<p><img loading=\"lazy\" decoding=\"async\" src=\"https:\/\/www.naturacil.com\/wp-content\/uploads\/2018\/09\/pigments-naturacil-color-3-2-300x272.jpg\" alt=\"\" width=\"600\" height=\"543\" \/><img loading=\"lazy\" decoding=\"async\" src=\"https:\/\/www.naturacil.com\/wp-content\/uploads\/2018\/09\/Skin-Color-Index-300x229.png\" alt=\"\" width=\"510\" height=\"389\" \/><\/p>\n<h2>Certificats<\/h2>\n<p>\t\t\t\t<a href=\"https:\/\/www.naturacil.com\/wp-content\/uploads\/2018\/10\/naturacil-Certificat-9001-L213-11042018-g\u00e9n\u00e9ral-sign\u00e9.pdf\" target=\"_blank\" rel=\"noopener\"  itemprop=\"url\"><br \/>\n\t\t\t\t<img loading=\"lazy\" decoding=\"async\" src=\"https:\/\/www.naturacil.com\/wp-content\/uploads\/2018\/10\/naturacil-Certificat-9001-L213-11042018-345-1.png\" alt=\"naturacil-Certificat-9001-L213-11042018-345\" itemprop=\"image\" height=\"486\" width=\"345\" title=\"naturacil-Certificat-9001-L213-11042018-345\" onerror=\"this.style.display='none'\"  \/><br \/>\n\t\t\t\t<\/a><br \/>\n\t\t\t\t<a href=\"https:\/\/www.naturacil.com\/wp-content\/uploads\/2018\/10\/naturacil-Iso-13485-DM-2018-2020-Biotic-Phocea.pdf\" target=\"_blank\" rel=\"noopener\"  itemprop=\"url\"><br \/>\n\t\t\t\t<img loading=\"lazy\" decoding=\"async\" src=\"https:\/\/www.naturacil.com\/wp-content\/uploads\/2018\/10\/naturacil-Iso-13485-DM-2018-2020-Biotic-Phocea-345-1.png\" alt=\"naturacil-Iso-13485-DM-2018--2020-Biotic-Phocea-345\" itemprop=\"image\" height=\"486\" width=\"345\" title=\"naturacil-Iso-13485-DM-2018--2020-Biotic-Phocea-345\" onerror=\"this.style.display='none'\"  \/><br \/>\n\t\t\t\t<\/a><br \/>\n\t\t\t\t<a href=\"https:\/\/www.naturacil.com\/wp-content\/uploads\/2018\/10\/naturacil-Vegan-Certificate.pdf\" target=\"_blank\" rel=\"noopener\"  itemprop=\"url\"><br \/>\n\t\t\t\t<img loading=\"lazy\" decoding=\"async\" src=\"https:\/\/www.naturacil.com\/wp-content\/uploads\/2018\/10\/naturacil-Vegan-Certificate-345.png\" alt=\"naturacil-Vegan-Certificate-345\" itemprop=\"image\" height=\"486\" width=\"345\" title=\"naturacil-Vegan-Certificate-345\" onerror=\"this.style.display='none'\"  \/><br \/>\n\t\t\t\t<\/a><br \/>\n\t\t\t\t<a href=\"https:\/\/www.naturacil.com\/wp-content\/uploads\/2018\/10\/CE-2017-2022-Biotic-Phocea-Naturacil-DM-Complet.pdf\" target=\"_blank\" rel=\"noopener\"  itemprop=\"url\"><br \/>\n\t\t\t\t<img loading=\"lazy\" decoding=\"async\" src=\"https:\/\/www.naturacil.com\/wp-content\/uploads\/2018\/10\/CE-2017-2022-Biotic-Phocea-Naturacil-DM-Complet-1-345.png\" alt=\"CE--2017---2022-Biotic-Phocea-Naturacil-DM-Complet-1-345\" itemprop=\"image\" height=\"486\" width=\"345\" title=\"CE--2017---2022-Biotic-Phocea-Naturacil-DM-Complet-1-345\" onerror=\"this.style.display='none'\"  \/><br \/>\n\t\t\t\t<\/a><br \/>\n\t\t\t\t<img loading=\"lazy\" decoding=\"async\" src=\"https:\/\/www.naturacil.com\/wp-content\/uploads\/2019\/04\/Artis-Banner-EN.png\" alt=\"Artis-Banner-EN\" itemprop=\"image\" height=\"400\" width=\"1510\" title=\"Artis-Banner-EN\" onerror=\"this.style.display='none'\"  \/><\/p>\n","protected":false},"excerpt":{"rendered":"<p>The pigments which we use are\u00a0: STERILE, MINERAL, ORGANIC, VEGAN and MEDICAL. They are FRENCH and COMPLIED to ISO 9001 and ISO 13485 standards. The pigments are subject to the most strict regulations, approved CE IIb medical device according to the 93\/43 EEC directive governing medical devices. The pigments or colouring agents used are free [&hellip;]<\/p>\n","protected":false},"author":5,"featured_media":0,"parent":0,"menu_order":0,"comment_status":"closed","ping_status":"closed","template":"","meta":{"site-sidebar-layout":"no-sidebar","site-content-layout":"page-builder","ast-site-content-layout":"default","site-content-style":"default","site-sidebar-style":"default","ast-global-header-display":"","ast-banner-title-visibility":"","ast-main-header-display":"","ast-hfb-above-header-display":"","ast-hfb-below-header-display":"","ast-hfb-mobile-header-display":"","site-post-title":"disabled","ast-breadcrumbs-content":"","ast-featured-img":"disabled","footer-sml-layout":"","ast-disable-related-posts":"","theme-transparent-header-meta":"default","adv-header-id-meta":"","stick-header-meta":"","header-above-stick-meta":"","header-main-stick-meta":"","header-below-stick-meta":"","astra-migrate-meta-layouts":"default","ast-page-background-enabled":"default","ast-page-background-meta":{"desktop":{"background-color":"","background-image":"","background-repeat":"repeat","background-position":"center center","background-size":"auto","background-attachment":"scroll","background-type":"","background-media":"","overlay-type":"","overlay-color":"","overlay-opacity":"","overlay-gradient":""},"tablet":{"background-color":"","background-image":"","background-repeat":"repeat","background-position":"center center","background-size":"auto","background-attachment":"scroll","background-type":"","background-media":"","overlay-type":"","overlay-color":"","overlay-opacity":"","overlay-gradient":""},"mobile":{"background-color":"","background-image":"","background-repeat":"repeat","background-position":"center center","background-size":"auto","background-attachment":"scroll","background-type":"","background-media":"","overlay-type":"","overlay-color":"","overlay-opacity":"","overlay-gradient":""}},"ast-content-background-meta":{"desktop":{"background-color":"var(--ast-global-color-5)","background-image":"","background-repeat":"repeat","background-position":"center center","background-size":"auto","background-attachment":"scroll","background-type":"","background-media":"","overlay-type":"","overlay-color":"","overlay-opacity":"","overlay-gradient":""},"tablet":{"background-color":"var(--ast-global-color-5)","background-image":"","background-repeat":"repeat","background-position":"center center","background-size":"auto","background-attachment":"scroll","background-type":"","background-media":"","overlay-type":"","overlay-color":"","overlay-opacity":"","overlay-gradient":""},"mobile":{"background-color":"var(--ast-global-color-5)","background-image":"","background-repeat":"repeat","background-position":"center center","background-size":"auto","background-attachment":"scroll","background-type":"","background-media":"","overlay-type":"","overlay-color":"","overlay-opacity":"","overlay-gradient":""}},"footnotes":""},"class_list":["post-3099","page","type-page","status-publish","hentry"],"jetpack_sharing_enabled":true,"_links":{"self":[{"href":"https:\/\/www.naturacil.com\/en\/wp-json\/wp\/v2\/pages\/3099","targetHints":{"allow":["GET"]}}],"collection":[{"href":"https:\/\/www.naturacil.com\/en\/wp-json\/wp\/v2\/pages"}],"about":[{"href":"https:\/\/www.naturacil.com\/en\/wp-json\/wp\/v2\/types\/page"}],"author":[{"embeddable":true,"href":"https:\/\/www.naturacil.com\/en\/wp-json\/wp\/v2\/users\/5"}],"replies":[{"embeddable":true,"href":"https:\/\/www.naturacil.com\/en\/wp-json\/wp\/v2\/comments?post=3099"}],"version-history":[{"count":0,"href":"https:\/\/www.naturacil.com\/en\/wp-json\/wp\/v2\/pages\/3099\/revisions"}],"wp:attachment":[{"href":"https:\/\/www.naturacil.com\/en\/wp-json\/wp\/v2\/media?parent=3099"}],"curies":[{"name":"wp","href":"https:\/\/api.w.org\/{rel}","templated":true}]}}