{"id":3542,"date":"2019-04-11T19:06:35","date_gmt":"2019-04-11T17:06:35","guid":{"rendered":"https:\/\/www.naturacil.com\/legal-notice\/"},"modified":"2020-10-05T19:04:25","modified_gmt":"2020-10-05T17:04:25","slug":"legal-notice","status":"publish","type":"page","link":"https:\/\/www.naturacil.com\/en\/legal-notice\/","title":{"rendered":"Legal Notice"},"content":{"rendered":"<h1>\n\t\tMentions l\u00e9gales\n\t<\/h1>\n\t<p><strong>NATURACIL FRANCE<\/strong><\/p>\n150 Avenue Achille Peretti ,92200 Neuilly sur seine<br \/>\nSAS au capital de 50 000\u20ac<br \/>\nImmatricul\u00e9e au R.C.S de Paris sous le num\u00e9ro :<br \/>\n841 249 311 000 17<br \/>\nEmail : contact@naturacil.com<br \/>\nT\u00e9l.: 06 50 70 98 58<br \/>\nNum\u00e9ro de TVA intracommunautaire : FR 584 124 93 11<br \/>\nDirectrice de la publication : M<sup>me<\/sup> Sarah Boualem\n\t<p><strong>H\u00e9bergeur<\/strong><\/p>\nOVH<br \/>\nSAS au capital de 10 069 020 \u20ac<br \/>\nRCS Lille M\u00e9tropole 424 761 419 00045<br \/>\nCode APE 2620Z<br \/>\nN\u00b0 TVA : FR 22 424 761 419<br \/>\nSi\u00e8ge social : 2, rue Kellermann &#8211; 59100 Roubaix &#8211; France<br \/>\nDirecteur de la publication : Octave KLABA<br \/>\nPr\u00e9sident : Henryk KLABA<br \/>\nDirecteur g\u00e9n\u00e9ral : Miroslaw KLABA<br \/>\nDirecteur g\u00e9n\u00e9ral d\u00e9l\u00e9gu\u00e9 : Octave KLABA<br \/>\nDirecteur g\u00e9n\u00e9ral d\u00e9l\u00e9gu\u00e9 : Halina KLABA\n<h2>\n\t\tDonn\u00e9es personnelles\n\t<\/h2>\n\t<p><strong>Donn\u00e9es personnelles<\/strong> : Les donn\u00e9es personnelles font r\u00e9f\u00e9rence aux informations vous concernant en tant que personne physique, notamment votre nom, pr\u00e9nom, adresse, num\u00e9ro de t\u00e9l\u00e9phone, e-mail et autres informations qui permettent votre identification et que vous nous communiquez volontairement.<\/p>\n<p><strong>Collecte de donn\u00e9es personnelles<\/strong> : La soci\u00e9t\u00e9 Naturacil est susceptible de collecter vos donn\u00e9es personnelles par l\u2019interm\u00e9diaire du formulaire de contact, lors de l\u2019abonnement \u00e0 la newsletter propos\u00e9e par le site Naturacil, ou lorsque vous nous communiquez vos donn\u00e9es personnelles de quelque fa\u00e7on que ce soit. Nous utilisons \u00e9galement des cookies, tel que cela est expliqu\u00e9 dans le paragraphe cookies.<\/p>\n<p><strong>Utilisation de donn\u00e9es personnelles<\/strong> : Nous pouvons \u00eatre amen\u00e9s \u00e0 utiliser vos donn\u00e9es personnelles pour traiter et r\u00e9pondre \u00e0 vos questions, d\u00e9velopper et am\u00e9liorer la navigation sur le site web, vous envoyer des informations et offres commerciales, vous proposer un nouveau service et des offres personnalis\u00e9es, sur le site web mais aussi dans les salons partenaires Naturacil.<\/p>\n<p>En vous inscrivant \u00e0 la newsletter du site Naturacil, vous choisissez d\u2019\u00eatre inform\u00e9(e) de notre actualit\u00e9 et de nos offres, propos\u00e9es sur le site web ou par nos partenaires. Vous avez \u00e0 tout moment la possibilit\u00e9 de vous d\u00e9sabonner en cliquant sur le lien pr\u00e9vu \u00e0 cet effet situ\u00e9 en bas de chacune des newsletters ou en envoyant un courriel \u00e0 contact@naturacil.com.<\/p>\n<p><strong>Partage des donn\u00e9es personnelles<\/strong> : Nous pouvons \u00eatre amen\u00e9s \u00e0 transmettre vos donn\u00e9es personnelles \u00e0 certains de nos prestataires qui participent \u00e0 l\u2019envoi de notre newsletter et analysent votre utilisation du site web, en vue d\u2019am\u00e9liorer la qualit\u00e9 de votre navigation. \u00c9tant entendu que nos prestataires sont tenus \u00e0 la confidentialit\u00e9 ainsi qu\u2019au respect des lois en vigueur concernant la protection de vos donn\u00e9es personnelles.<\/p>\n<strong>Droit sur les donn\u00e9es personnelles<\/strong> : Vous disposez d\u2019un droit g\u00e9n\u00e9ral d\u2019acc\u00e8s, de modification, de rectification et de suppression des donn\u00e9es qui vous concernent. Vous pouvez l\u2019exercer en adressant votre demande \u00e0 notre service clients par courrier, en \u00e9crivant \u00e0 Naturacil \u2013<br \/>\n15 Boulevard Jean Mermoz, 92200 Neuilly-sur-Seine, par e-mail, en nous contactant \u00e0 l\u2019adresse contact@naturacil.com ou en remplissant le formulaire de contact.\n<p>Pour r\u00e9pondre \u00e0 votre demande, vous devrez nous faire parvenir les \u00e9l\u00e9ments n\u00e9cessaires \u00e0 votre identification : nom, pr\u00e9nom, e-mail et adresse postale.<\/p>\n<strong>S\u00e9curit\u00e9 des donn\u00e9es personnelles<\/strong> : La soci\u00e9t\u00e9 Naturacil s\u2019est efforc\u00e9e de mettre en place toutes pr\u00e9cautions utiles pour pr\u00e9server la confidentialit\u00e9 et la s\u00e9curit\u00e9 des donn\u00e9es personnelles trait\u00e9es et emp\u00eacher qu\u2019elles ne soient d\u00e9form\u00e9es, endommag\u00e9es, d\u00e9truites ou que des tiers non autoris\u00e9s y aient acc\u00e8s.<br \/>\nNos syst\u00e8mes informatiques font l\u2019objet d\u2019une protection physique et logicielle conforme \u00e0 la r\u00e9glementation. Des proc\u00e9dures de sauvegarde physique et \u00e9lectronique des donn\u00e9es collect\u00e9es sur le site sont mises en \u0153uvre, conform\u00e9ment \u00e0 la l\u00e9gislation fran\u00e7aise en vigueur relatives \u00e0 la protection des donn\u00e9es personnelles.<br \/>\nLes salari\u00e9s de la soci\u00e9t\u00e9 Naturacil qui, du fait de leur fonction, auraient acc\u00e8s \u00e0 vos donn\u00e9es personnelles s\u2019engagent \u00e0 la plus grande confidentialit\u00e9 \u00e0 cet \u00e9gard.<br \/>\nToutefois, la soci\u00e9t\u00e9 Naturacil ne ma\u00eetrise pas les risques li\u00e9s au fonctionnement d\u2019Internet et attire votre attention sur l\u2019existence d\u2019\u00e9ventuels risques en termes de perte ponctuelle de donn\u00e9es ou d\u2019atteinte \u00e0 la confidentialit\u00e9 des donn\u00e9es transitant via ce r\u00e9seau.\n<strong>Cookies<\/strong> : Lors de la consultation de notre site web, des cookies sont d\u00e9pos\u00e9s sur votre ordinateur, votre mobile ou votre tablette. Un cookie est un fichier de petite taille, qui ne permet pas l\u2019identification de l\u2019utilisateur, mais qui enregistre des informations relatives \u00e0 la navigation d\u2019un ordinateur sur un site. Les donn\u00e9es obtenues visent \u00e0 faciliter la navigation ult\u00e9rieure sur le site, et permettent \u00e9galement de mesurer la fr\u00e9quentation du site.<br \/>\nLes cookies n\u00e9cessaires<br \/>\nIl s\u2019agit de cookies techniques relatifs aux fonctionnalit\u00e9s du site web, ces cookies vous permettent de parcourir le site web, d\u2019utiliser ses fonctionnalit\u00e9s et d\u2019enregistrer vos pr\u00e9f\u00e9rences.<br \/>\nLes cookies d\u2019analyse<br \/>\nIl s\u2019agit de cookies analytiques qui nous permettent de conna\u00eetre l\u2019utilisation et les performances de notre site et d\u2019en am\u00e9liorer son fonctionnement. Le site utilise l\u2019outil Google Analytics. Google Analytics est un outil d\u2019analyse d\u2019audience Internet permettant aux propri\u00e9taires de sites et d\u2019applications de mieux comprendre le comportement de leurs utilisateurs. Cet outil peut utiliser des cookies pour collecter des informations anonymes et g\u00e9n\u00e9rer des rapports sur les statistiques d\u2019utilisation d\u2019un site sans que les utilisateurs individuels soient identifi\u00e9s personnellement par Google.<br \/>\nLa plupart des navigateurs acceptent automatiquement les cookies, mais ce n\u2019est pas une obligation. En poursuivant votre navigation sur le site web, vous acceptez l\u2019utilisation de ces cookies. Si vous voulez d\u00e9sactiver les cookies, il vous suffira d\u2019adapter les r\u00e9glages de votre navigateur en cons\u00e9quence, mais vous devez savoir qu\u2019en d\u00e9sactivant les cookies vous risquez de ne pas pouvoir utiliser toutes les fonctionnalit\u00e9s du site web. Vous trouverez ci-dessous quelques informations concernant la fa\u00e7on de d\u00e9sactiver les cookies sur certains navigateurs web.\nSur Internet Explorer :<br \/>\n1. Allez dans Outils puis sur Options Internet.<br \/>\n2. Cliquez sur l\u2019onglet Confidentialit\u00e9.<br \/>\n3. S\u00e9lectionnez le niveau souhait\u00e9 \u00e0 l\u2019aide du curseur.\nSur Firefox :<br \/>\n1. En haut de la fen\u00eatre de Firefox, cliquez sur le bouton Firefox (menu Outils sous Windows XP), puis s\u00e9lectionnez Options.<br \/>\n2. S\u00e9lectionnez le panneau Vie priv\u00e9e.<br \/>\n3. Param\u00e9trez l\u2019option R\u00e8gles de conservation : \u00e0 utiliser les param\u00e8tres personnalis\u00e9s pour l\u2019historique.<br \/>\n4. D\u00e9cochez Accepter les cookies.\nSur Google Chrome :<br \/>\n1. Cliquez sur l\u2019ic\u00f4ne du menu Chrome menu.<br \/>\n2. S\u00e9lectionnez Param\u00e8tres.<br \/>\n3. Cliquez sur Afficher les param\u00e8tres avanc\u00e9s.<br \/>\n4. Dans la section Confidentialit\u00e9, cliquez sur Param\u00e8tres de contenu.<br \/>\n5. Dans la section Cookies, s\u00e9lectionnez Interdire \u00e0 tous les sites de stocker des donn\u00e9es.\nSur Safari :<br \/>\n1. Dans la barre de menu en haut, cliquez sur Safari, puis Pr\u00e9f\u00e9rences.<br \/>\n2. S\u00e9lectionnez l\u2019ic\u00f4ne Confidentialit\u00e9.<br \/>\n3. \u00c0 c\u00f4t\u00e9 des cookies, s\u00e9lectionnez Toujours bloquer.<br \/>\nVeuillez noter que nous ne contr\u00f4lons pas l\u2019utilisation de cookies par des tiers.\n<p><strong>Lieu et transfert des donn\u00e9es personnelles<\/strong> : Nous conservons vos donn\u00e9es personnelles dans l\u2019Espace \u00c9conomique Europ\u00e9en o\u00f9 se trouvent les serveurs du site web. Si nous avons besoin de transf\u00e9rer et de stocker vos donn\u00e9es personnelles dans un lieu en dehors de l\u2019EEE, ce transfert aura lieu suivant les lois en vigueur en mati\u00e8re de protection des donn\u00e9es personnelles.<\/p>\n<p><strong>Liens avec d\u2019autres sites web<\/strong> : Nous pourrons vous proposer des liens vers d\u2019autres sites web. N\u00e9anmoins, nous ne serons pas responsables du contenu ou des politiques de collecte de donn\u00e9es personnelles sur ces sites. Si vous visitez d\u2019autres sites web, nous vous recommandons de v\u00e9rifier leur politique en mati\u00e8re de collecte d\u2019information et de protection de la vie priv\u00e9e. Nous n\u2019acceptons aucune responsabilit\u00e9 \u00e0 cet \u00e9gard. Veuillez v\u00e9rifier ces politiques avant de communiquer vos donn\u00e9es personnelles \u00e0 ces sites.<\/p>\n<p><strong>Usage des donn\u00e9es en cas de changement de contr\u00f4le de la soci\u00e9t\u00e9<\/strong> : Les donn\u00e9es collect\u00e9es pourraient faire l\u2019objet d\u2019un transfert \u00e0 des tiers dans le cadre d\u2019un changement de contr\u00f4le de la soci\u00e9t\u00e9, d\u2019une acquisition, d\u2019une proc\u00e9dure collective ou d\u2019une vente des actifs de la soci\u00e9t\u00e9.<\/p>\n<p><strong>Mise \u00e0 jour de la politique de donn\u00e9es personnelles<\/strong> : Nous nous r\u00e9servons le droit de modifier notre politique de protection de la vie priv\u00e9e, dans le respect des lois en vigueur en mati\u00e8re de protection des donn\u00e9es personnelles. Dans cette hypoth\u00e8se, les modifications de notre politique de protection de la vie priv\u00e9e seront indiqu\u00e9es ici-m\u00eame.<\/p>\n<p><strong>Contact<\/strong> : Si vous avez des questions concernant notre politique de protection de la vie priv\u00e9e ou la fa\u00e7on dont nous utilisons vos donn\u00e9es personnelles, veuillez nous contacter en envoyant un courriel \u00e0 l\u2019adresse contact@naturacil.com.<\/p>\n","protected":false},"excerpt":{"rendered":"<p>Mentions l\u00e9gales NATURACIL FRANCE 150 Avenue Achille Peretti ,92200 Neuilly sur seine SAS au capital de 50 000\u20ac Immatricul\u00e9e au R.C.S de Paris sous le num\u00e9ro : 841 249 311 000 17 Email : contact@naturacil.com T\u00e9l.: 06 50 70 98 58 Num\u00e9ro de TVA intracommunautaire : FR 584 124 93 11 Directrice de la publication [&hellip;]<\/p>\n","protected":false},"author":5,"featured_media":0,"parent":0,"menu_order":0,"comment_status":"closed","ping_status":"closed","template":"","meta":{"site-sidebar-layout":"no-sidebar","site-content-layout":"page-builder","ast-site-content-layout":"default","site-content-style":"default","site-sidebar-style":"default","ast-global-header-display":"","ast-banner-title-visibility":"","ast-main-header-display":"","ast-hfb-above-header-display":"","ast-hfb-below-header-display":"","ast-hfb-mobile-header-display":"","site-post-title":"disabled","ast-breadcrumbs-content":"","ast-featured-img":"disabled","footer-sml-layout":"","ast-disable-related-posts":"","theme-transparent-header-meta":"default","adv-header-id-meta":"","stick-header-meta":"","header-above-stick-meta":"","header-main-stick-meta":"","header-below-stick-meta":"","astra-migrate-meta-layouts":"default","ast-page-background-enabled":"default","ast-page-background-meta":{"desktop":{"background-color":"","background-image":"","background-repeat":"repeat","background-position":"center center","background-size":"auto","background-attachment":"scroll","background-type":"","background-media":"","overlay-type":"","overlay-color":"","overlay-opacity":"","overlay-gradient":""},"tablet":{"background-color":"","background-image":"","background-repeat":"repeat","background-position":"center center","background-size":"auto","background-attachment":"scroll","background-type":"","background-media":"","overlay-type":"","overlay-color":"","overlay-opacity":"","overlay-gradient":""},"mobile":{"background-color":"","background-image":"","background-repeat":"repeat","background-position":"center center","background-size":"auto","background-attachment":"scroll","background-type":"","background-media":"","overlay-type":"","overlay-color":"","overlay-opacity":"","overlay-gradient":""}},"ast-content-background-meta":{"desktop":{"background-color":"var(--ast-global-color-5)","background-image":"","background-repeat":"repeat","background-position":"center center","background-size":"auto","background-attachment":"scroll","background-type":"","background-media":"","overlay-type":"","overlay-color":"","overlay-opacity":"","overlay-gradient":""},"tablet":{"background-color":"var(--ast-global-color-5)","background-image":"","background-repeat":"repeat","background-position":"center center","background-size":"auto","background-attachment":"scroll","background-type":"","background-media":"","overlay-type":"","overlay-color":"","overlay-opacity":"","overlay-gradient":""},"mobile":{"background-color":"var(--ast-global-color-5)","background-image":"","background-repeat":"repeat","background-position":"center center","background-size":"auto","background-attachment":"scroll","background-type":"","background-media":"","overlay-type":"","overlay-color":"","overlay-opacity":"","overlay-gradient":""}},"footnotes":""},"class_list":["post-3542","page","type-page","status-publish","hentry"],"_links":{"self":[{"href":"https:\/\/www.naturacil.com\/en\/wp-json\/wp\/v2\/pages\/3542","targetHints":{"allow":["GET"]}}],"collection":[{"href":"https:\/\/www.naturacil.com\/en\/wp-json\/wp\/v2\/pages"}],"about":[{"href":"https:\/\/www.naturacil.com\/en\/wp-json\/wp\/v2\/types\/page"}],"author":[{"embeddable":true,"href":"https:\/\/www.naturacil.com\/en\/wp-json\/wp\/v2\/users\/5"}],"replies":[{"embeddable":true,"href":"https:\/\/www.naturacil.com\/en\/wp-json\/wp\/v2\/comments?post=3542"}],"version-history":[{"count":0,"href":"https:\/\/www.naturacil.com\/en\/wp-json\/wp\/v2\/pages\/3542\/revisions"}],"wp:attachment":[{"href":"https:\/\/www.naturacil.com\/en\/wp-json\/wp\/v2\/media?parent=3542"}],"curies":[{"name":"wp","href":"https:\/\/api.w.org\/{rel}","templated":true}]}}